{"id":180,"date":"2024-01-10T15:26:13","date_gmt":"2024-01-10T20:26:13","guid":{"rendered":"https:\/\/munisanroman.gob.pe\/web\/?page_id=180"},"modified":"2024-01-12T15:20:58","modified_gmt":"2024-01-12T20:20:58","slug":"historia-de-juliaca","status":"publish","type":"page","link":"https:\/\/munisanroman.gob.pe\/web\/historia-de-juliaca\/","title":{"rendered":"Historia de Juliaca"},"content":{"rendered":"\t\t<div data-elementor-type=\"wp-page\" data-elementor-id=\"180\" class=\"elementor elementor-180\">\n\t\t\t\t\t\t<section class=\"elementor-section elementor-top-section elementor-element elementor-element-1ffebc9 dsvy-col-stretched-none dsvy-bg-color-over-image elementor-section-boxed elementor-section-height-default elementor-section-height-default\" data-id=\"1ffebc9\" data-element_type=\"section\" data-e-type=\"section\">\n\t\t\t\t\t\t<div class=\"elementor-container elementor-column-gap-default\">\n\t\t\t\t\t<div class=\"elementor-column elementor-col-100 elementor-top-column elementor-element elementor-element-cb1a392 dsvy-bg-color-over-image\" data-id=\"cb1a392\" data-element_type=\"column\" data-e-type=\"column\">\n\t\t\t<div class=\"elementor-widget-wrap elementor-element-populated\">\n\t\t\t\t\t\t<div class=\"elementor-element elementor-element-8d35406 elementor-widget elementor-widget-accordion\" data-id=\"8d35406\" data-element_type=\"widget\" data-e-type=\"widget\" data-widget_type=\"accordion.default\">\n\t\t\t\t<div class=\"elementor-widget-container\">\n\t\t\t\t\t\t\t<div class=\"elementor-accordion\">\n\t\t\t\t\t\t\t<div class=\"elementor-accordion-item\">\n\t\t\t\t\t<div id=\"elementor-tab-title-1481\" class=\"elementor-tab-title\" data-tab=\"1\" role=\"button\" aria-controls=\"elementor-tab-content-1481\" aria-expanded=\"false\">\n\t\t\t\t\t\t\t\t\t\t\t\t\t<span class=\"elementor-accordion-icon elementor-accordion-icon-right\" aria-hidden=\"true\">\n\t\t\t\t\t\t\t\t\t\t\t\t\t\t\t<span class=\"elementor-accordion-icon-closed\"><i class=\"fas fa-chevron-down\"><\/i><\/span>\n\t\t\t\t\t\t\t\t<span class=\"elementor-accordion-icon-opened\"><i class=\"fas fa-chevron-up\"><\/i><\/span>\n\t\t\t\t\t\t\t\t\t\t\t\t\t\t<\/span>\n\t\t\t\t\t\t\t\t\t\t\t\t<a class=\"elementor-accordion-title\" tabindex=\"0\">JULIACA Y SUS ORIGENES<\/a>\n\t\t\t\t\t<\/div>\n\t\t\t\t\t<div id=\"elementor-tab-content-1481\" class=\"elementor-tab-content elementor-clearfix\" data-tab=\"1\" role=\"region\" aria-labelledby=\"elementor-tab-title-1481\"><p>Aunque hay vestigios de peque\u00f1as poblaciones desarrolladas y ya estables habitando estos lugares desde el a\u00f1o 1000 a. C., es muy poco lo que se sabe a cerca de ellas; sin embargo, la primera poblaci\u00f3n importante se desarroll\u00f3 por los a\u00f1os 200 y 500, denominada Huaynaroque, bajo la influencia en primer lugar de los Tiahuanaco, seguido de los Collas y por \u00faltimo, los Incas.<\/p><p>Al parecer, Juliaca deriva de la palabra quechua &#8216;Xullaca&#8217; o &#8216;Xullasca&#8217;, que significa roc\u00edo o humedad del amanecer (suceso que es m\u00e1s notorio a inicios de la estaci\u00f3n de invierno). Es muy probable que Xullasca haya sido fundada en la \u00e9poca Inca, aproximadamente en el a\u00f1o 1448.<\/p><\/div>\n\t\t\t\t<\/div>\n\t\t\t\t\t\t\t<div class=\"elementor-accordion-item\">\n\t\t\t\t\t<div id=\"elementor-tab-title-1482\" class=\"elementor-tab-title\" data-tab=\"2\" role=\"button\" aria-controls=\"elementor-tab-content-1482\" aria-expanded=\"false\">\n\t\t\t\t\t\t\t\t\t\t\t\t\t<span class=\"elementor-accordion-icon elementor-accordion-icon-right\" aria-hidden=\"true\">\n\t\t\t\t\t\t\t\t\t\t\t\t\t\t\t<span class=\"elementor-accordion-icon-closed\"><i class=\"fas fa-chevron-down\"><\/i><\/span>\n\t\t\t\t\t\t\t\t<span class=\"elementor-accordion-icon-opened\"><i class=\"fas fa-chevron-up\"><\/i><\/span>\n\t\t\t\t\t\t\t\t\t\t\t\t\t\t<\/span>\n\t\t\t\t\t\t\t\t\t\t\t\t<a class=\"elementor-accordion-title\" tabindex=\"0\"> JULIACA EN LA COLONIA<\/a>\n\t\t\t\t\t<\/div>\n\t\t\t\t\t<div id=\"elementor-tab-content-1482\" class=\"elementor-tab-content elementor-clearfix\" data-tab=\"2\" role=\"region\" aria-labelledby=\"elementor-tab-title-1482\"><p>Xullasca es mencionada por primera vez por el cronista espa\u00f1ol Pedro Cieza De Le\u00f3n (1520-1554), quien document\u00f3 mucho acerca del Per\u00fa y del mundo andino de esas \u00e9pocas. En uno de sus registros escribi\u00f3 que Xullasca era un peque\u00f1o pueblo ubicado entre Pucar\u00e1 y Atuncolla (Sillustani).<\/p><p>Con la llegada de los espa\u00f1oles, Xullasca pasa a ser un repartimiento y su nombre es cambiado a Santa Cecilia de Juliaca, unos a\u00f1os despu\u00e9s y por razones poco claras, este nombre es nuevamente cambiado a Santa Catalina de Juliaca (aproximadamente en 1630).<\/p><p>Entre los a\u00f1os 1600 a 1821. Juliaca se desarrollaba lentamente. En estas \u00e9pocas se construy\u00f3 el templo de Santa Catalina, el cual tom\u00f3 construir m\u00e1s de 100 a\u00f1os y reci\u00e9n fue concluido en el a\u00f1o 1774. Por estos a\u00f1os tambi\u00e9n se da la rebeli\u00f3n de T\u00fapac Amaru II (1780), de la cual Juliaca tambi\u00e9n fue part\u00edcipe apoyando la causa libertadora.<\/p><p><img fetchpriority=\"high\" decoding=\"async\" class=\"aligncenter wp-image-627 size-full\" src=\"https:\/\/munisanroman.gob.pe\/web\/wp-content\/uploads\/2024\/01\/atiglesia1.jpg\" alt=\"\" width=\"680\" height=\"529\" srcset=\"https:\/\/munisanroman.gob.pe\/web\/wp-content\/uploads\/2024\/01\/atiglesia1.jpg 680w, https:\/\/munisanroman.gob.pe\/web\/wp-content\/uploads\/2024\/01\/atiglesia1-300x233.jpg 300w\" sizes=\"(max-width: 680px) 100vw, 680px\" \/><\/p><\/div>\n\t\t\t\t<\/div>\n\t\t\t\t\t\t\t<div class=\"elementor-accordion-item\">\n\t\t\t\t\t<div id=\"elementor-tab-title-1483\" class=\"elementor-tab-title\" data-tab=\"3\" role=\"button\" aria-controls=\"elementor-tab-content-1483\" aria-expanded=\"false\">\n\t\t\t\t\t\t\t\t\t\t\t\t\t<span class=\"elementor-accordion-icon elementor-accordion-icon-right\" aria-hidden=\"true\">\n\t\t\t\t\t\t\t\t\t\t\t\t\t\t\t<span class=\"elementor-accordion-icon-closed\"><i class=\"fas fa-chevron-down\"><\/i><\/span>\n\t\t\t\t\t\t\t\t<span class=\"elementor-accordion-icon-opened\"><i class=\"fas fa-chevron-up\"><\/i><\/span>\n\t\t\t\t\t\t\t\t\t\t\t\t\t\t<\/span>\n\t\t\t\t\t\t\t\t\t\t\t\t<a class=\"elementor-accordion-title\" tabindex=\"0\">\u00c9POCA REPUBLICANA<\/a>\n\t\t\t\t\t<\/div>\n\t\t\t\t\t<div id=\"elementor-tab-content-1483\" class=\"elementor-tab-content elementor-clearfix\" data-tab=\"3\" role=\"region\" aria-labelledby=\"elementor-tab-title-1483\"><p>Si bien es cierto que el Per\u00fa alcanz\u00f3 su independencia en el a\u00f1o 1821, cabe recalcar que esta independencia no fue total. Territorios como la intendencia de Puno, a la cual pertenec\u00eda Juliaca, a\u00fan estuvieron bajo dominio espa\u00f1ol hasta el a\u00f1o 1824, a\u00f1o en el cual reci\u00e9n se reafirma la independencia del Per\u00fa. Precisamente en este a\u00f1o es que se crea el distrito de Juliaca, bajo el mandato de Sim\u00f3n Bol\u00edvar. El distrito de Juliaca perteneci\u00f3 en una primera etapa a la provincia de Lampa hasta el a\u00f1o 1854, y a partir de ah\u00ed y hasta el a\u00f1o 1926, fue un distrito de la provincia de Puno.<\/p><p>Uno de los hechos m\u00e1s importantes de este primer siglo de independencia fue la construcci\u00f3n del ferrocarril Arequipa &#8211; Puno, concluido en el a\u00f1o 1873, esto hizo que Juliaca revolucionara y cambie para siempre hacia un perfil m\u00e1s moderno y comercial. Los a\u00f1os siguientes la poblaci\u00f3n concentr\u00f3 todos sus esfuerzos en que Juliaca se convirtiera en una nueva provincia.<\/p><p>Ya en un nuevo siglo, el 6 de setiembre de 1926 y despu\u00e9s de mucho esfuerzo, por fin se cre\u00f3 la provincia de San Rom\u00e1n, el cual ten\u00eda 3 distritos: Juliaca (capital), Cabana y Caracoto. (En 1958 Cabana se divide en dos y de ah\u00ed nace el cuarto distrito llamado Cabanillas; por \u00faltimo, en 2016 Juliaca tambi\u00e9n se divide en dos, dando origen al distrito adherido de San Miguel).<\/p><p>La provincia fue nombrada as\u00ed en honor a Miguel de San Rom\u00e1n, ex diputado pune\u00f1o que impuls\u00f3 la creaci\u00f3n de la provincia, en el gobierno de Augusto B. Legu\u00eda por Ley N\u00ba 5463, y aunque la ley se promulg\u00f3 el 6 de setiembre, la inauguraci\u00f3n de la nueva provincia reci\u00e9n se celebr\u00f3 el 24 de octubre de ese mismo a\u00f1o (1926).<\/p><p><img decoding=\"async\" class=\"aligncenter wp-image-626 size-full\" src=\"https:\/\/munisanroman.gob.pe\/web\/wp-content\/uploads\/2024\/01\/atbolognesi1.jpg\" alt=\"\" width=\"500\" height=\"335\" srcset=\"https:\/\/munisanroman.gob.pe\/web\/wp-content\/uploads\/2024\/01\/atbolognesi1.jpg 500w, https:\/\/munisanroman.gob.pe\/web\/wp-content\/uploads\/2024\/01\/atbolognesi1-300x201.jpg 300w\" sizes=\"(max-width: 500px) 100vw, 500px\" \/><\/p><\/div>\n\t\t\t\t<\/div>\n\t\t\t\t\t\t\t<div class=\"elementor-accordion-item\">\n\t\t\t\t\t<div id=\"elementor-tab-title-1484\" class=\"elementor-tab-title\" data-tab=\"4\" role=\"button\" aria-controls=\"elementor-tab-content-1484\" aria-expanded=\"false\">\n\t\t\t\t\t\t\t\t\t\t\t\t\t<span class=\"elementor-accordion-icon elementor-accordion-icon-right\" aria-hidden=\"true\">\n\t\t\t\t\t\t\t\t\t\t\t\t\t\t\t<span class=\"elementor-accordion-icon-closed\"><i class=\"fas fa-chevron-down\"><\/i><\/span>\n\t\t\t\t\t\t\t\t<span class=\"elementor-accordion-icon-opened\"><i class=\"fas fa-chevron-up\"><\/i><\/span>\n\t\t\t\t\t\t\t\t\t\t\t\t\t\t<\/span>\n\t\t\t\t\t\t\t\t\t\t\t\t<a class=\"elementor-accordion-title\" tabindex=\"0\"> PASADO RECIENTE<\/a>\n\t\t\t\t\t<\/div>\n\t\t\t\t\t<div id=\"elementor-tab-content-1484\" class=\"elementor-tab-content elementor-clearfix\" data-tab=\"4\" role=\"region\" aria-labelledby=\"elementor-tab-title-1484\"><p>La ciudad crec\u00eda y con esto tambi\u00e9n la necesidad a ciertos servicios b\u00e1sicos, los cuales no eran atendidos por el gobierno central ni regional; debido a ello, el 4 de noviembre de 1965 Juliaca alza su voz de protesta por alrededor de 10 d\u00edas en pro de una mejora y m\u00e1s atenci\u00f3n; murieron 4 personas y hubo muchos heridos, aunque fue un suceso triste, esto tambi\u00e9n marc\u00f3 un antes y despu\u00e9s en cuanto a la imagen de Juliaca.<\/p><p>Entre la d\u00e9cada de los 60\u2019s y 70\u2019s se crea y establece la zona industrial juliaque\u00f1a, paso muy importante hacia el desarrollo hasta nuestros d\u00edas. En estos a\u00f1os tambi\u00e9n se edifican sitios importantes como los primeros mercados, centros comerciales y otros.<\/p><p>La d\u00e9cada de los 80\u00b4s se marca principalmente por dos hechos importantes: primero, la creaci\u00f3n de la universidad Andina N\u00e9stor C\u00e1ceres Vel\u00e1squez en 1983; y segundo, la construcci\u00f3n del actual aeropuerto Inca Manco C\u00e1pac de Juliaca. Por otro lado, cabe mencionar la construcci\u00f3n de lugares como el hospital nuevo, galer\u00eda de las calceteras, Cristo Blanco (1987), entre otros. Tambi\u00e9n por estos a\u00f1os empez\u00f3 a funcionar el mercado T\u00fapac Amaru.<\/p><p>En los 90\u2019s lo m\u00e1s importante fue el asfaltado de la mayor\u00eda de carreteras que conectaban a Juliaca con otros destinos importantes (Arequipa, Cusco, Huancan\u00e9, Lampa). En lo que se refiere a aspecto, la ciudad ya era considerablemente grande, el centro se ve\u00eda similar a como hoy lo vemos, pero no hab\u00eda tanto tr\u00e1fico ni tanta poblaci\u00f3n, y lo m\u00e1s llamativo en las calles era la abundancia de triciclos.<\/p><p><img decoding=\"async\" class=\"aligncenter size-full wp-image-638\" src=\"https:\/\/munisanroman.gob.pe\/web\/wp-content\/uploads\/2024\/01\/atbolognesi8.jpg\" alt=\"\" width=\"1090\" height=\"726\" srcset=\"https:\/\/munisanroman.gob.pe\/web\/wp-content\/uploads\/2024\/01\/atbolognesi8.jpg 1090w, https:\/\/munisanroman.gob.pe\/web\/wp-content\/uploads\/2024\/01\/atbolognesi8-300x200.jpg 300w, https:\/\/munisanroman.gob.pe\/web\/wp-content\/uploads\/2024\/01\/atbolognesi8-1024x682.jpg 1024w, https:\/\/munisanroman.gob.pe\/web\/wp-content\/uploads\/2024\/01\/atbolognesi8-768x512.jpg 768w, https:\/\/munisanroman.gob.pe\/web\/wp-content\/uploads\/2024\/01\/atbolognesi8-770x513.jpg 770w\" sizes=\"(max-width: 1090px) 100vw, 1090px\" \/><\/p><p>\u00a0<\/p><\/div>\n\t\t\t\t<\/div>\n\t\t\t\t\t\t\t<div class=\"elementor-accordion-item\">\n\t\t\t\t\t<div id=\"elementor-tab-title-1485\" class=\"elementor-tab-title\" data-tab=\"5\" role=\"button\" aria-controls=\"elementor-tab-content-1485\" aria-expanded=\"false\">\n\t\t\t\t\t\t\t\t\t\t\t\t\t<span class=\"elementor-accordion-icon elementor-accordion-icon-right\" aria-hidden=\"true\">\n\t\t\t\t\t\t\t\t\t\t\t\t\t\t\t<span class=\"elementor-accordion-icon-closed\"><i class=\"fas fa-chevron-down\"><\/i><\/span>\n\t\t\t\t\t\t\t\t<span class=\"elementor-accordion-icon-opened\"><i class=\"fas fa-chevron-up\"><\/i><\/span>\n\t\t\t\t\t\t\t\t\t\t\t\t\t\t<\/span>\n\t\t\t\t\t\t\t\t\t\t\t\t<a class=\"elementor-accordion-title\" tabindex=\"0\">EN LA ACTUALIDAD<\/a>\n\t\t\t\t\t<\/div>\n\t\t\t\t\t<div id=\"elementor-tab-content-1485\" class=\"elementor-tab-content elementor-clearfix\" data-tab=\"5\" role=\"region\" aria-labelledby=\"elementor-tab-title-1485\"><p>Desde el 2000 a estos d\u00edas, Juliaca ha seguido sumando hechos importantes, sobre todo en la primera d\u00e9cada, como la creaci\u00f3n de la tan ansiada Universidad Nacional de Juliaca en 2007, la integraci\u00f3n a la carretera Interoc\u00e9anica o la llegada del primer centro comercial moderno. En a\u00f1os m\u00e1s cercanos, pareciera que Juliaca ha frenado un poco su progreso y en comparaci\u00f3n a d\u00e9cadas pasadas, estos \u00faltimos a\u00f1os hay poco por resaltar.<\/p><p>Hoy Juliaca luce muy poblada a la vez descuidada, con varios problemas y much\u00edsimo por mejorar y esto tiene que ser un llamado de atenci\u00f3n para cada ciudadano. Pero antes de criticar o ser pesimistas, es mejor tomar conciencia de cuanto le debi\u00f3 haber costado a todas las generaciones de Juliaque\u00f1os llegar hasta aqu\u00ed y la mejor forma de honrar todo ese esfuerzo, es haciendo que Juliaca siga avanzando.<\/p><p>La provincia est\u00e1 a punto de cumplir 100 a\u00f1os, y de cara a ello, se tienen que trazar nuevas metas, nuevos proyectos, tratar de superar a ciudades como Arequipa o Cuzco y por sobretodo, poner todo nuestro esfuerzo en que Juliaca sea una ciudad m\u00e1s hermosa para nosotros y para los futuros Juliaque\u00f1os.<\/p><p><img loading=\"lazy\" decoding=\"async\" class=\"aligncenter size-full wp-image-642\" src=\"https:\/\/munisanroman.gob.pe\/web\/wp-content\/uploads\/2024\/01\/calles.jpg\" alt=\"\" width=\"1280\" height=\"720\" srcset=\"https:\/\/munisanroman.gob.pe\/web\/wp-content\/uploads\/2024\/01\/calles.jpg 1280w, https:\/\/munisanroman.gob.pe\/web\/wp-content\/uploads\/2024\/01\/calles-300x169.jpg 300w, https:\/\/munisanroman.gob.pe\/web\/wp-content\/uploads\/2024\/01\/calles-1024x576.jpg 1024w, https:\/\/munisanroman.gob.pe\/web\/wp-content\/uploads\/2024\/01\/calles-768x432.jpg 768w, https:\/\/munisanroman.gob.pe\/web\/wp-content\/uploads\/2024\/01\/calles-770x433.jpg 770w\" sizes=\"(max-width: 1280px) 100vw, 1280px\" \/><\/p><\/div>\n\t\t\t\t<\/div>\n\t\t\t\t\t\t\t<div class=\"elementor-accordion-item\">\n\t\t\t\t\t<div id=\"elementor-tab-title-1486\" class=\"elementor-tab-title\" data-tab=\"6\" role=\"button\" aria-controls=\"elementor-tab-content-1486\" aria-expanded=\"false\">\n\t\t\t\t\t\t\t\t\t\t\t\t\t<span class=\"elementor-accordion-icon elementor-accordion-icon-right\" aria-hidden=\"true\">\n\t\t\t\t\t\t\t\t\t\t\t\t\t\t\t<span class=\"elementor-accordion-icon-closed\"><i class=\"fas fa-chevron-down\"><\/i><\/span>\n\t\t\t\t\t\t\t\t<span class=\"elementor-accordion-icon-opened\"><i class=\"fas fa-chevron-up\"><\/i><\/span>\n\t\t\t\t\t\t\t\t\t\t\t\t\t\t<\/span>\n\t\t\t\t\t\t\t\t\t\t\t\t<a class=\"elementor-accordion-title\" tabindex=\"0\"> SUCESOS DEL 9 DE ENERO<\/a>\n\t\t\t\t\t<\/div>\n\t\t\t\t\t<div id=\"elementor-tab-content-1486\" class=\"elementor-tab-content elementor-clearfix\" data-tab=\"6\" role=\"region\" aria-labelledby=\"elementor-tab-title-1486\"><p>Uno de los eventos m\u00e1s violentos y dolorosos de la reciente historia de Juliaca. Este se dio en el marco de las protestas sociales del 2022-2023, donde la poblaci\u00f3n en su mayor\u00eda exig\u00eda el cierre del congreso, adelanto de elecciones y la renuncia de la recientemente proclamada presidenta de la rep\u00fablica Dina Boluarte en reemplazo del ex presidente Pedro Castillo.<\/p><p>Las protestas se hab\u00edan retomado con m\u00e1s fuerza desde el 4 de enero del 2023, pero los hechos m\u00e1s importantes se produjeron el 9 de enero del mismo a\u00f1o. A la ciudad de Juliaca arribaban pobladores de diferentes provincias y distritos de la zona norte de Puno, para aunarse en un solo grito. Las protestas empezaron en el centro de la ciudad y ya empezando la tarde los manifestantes se trasladaron hasta las cercan\u00edas del aeropuerto Inca Manco C\u00e1pac de Juliaca, la consigna de los marchantes era tomar dicho aeropuerto y es en los alrededores de este donde se produjeron los choques m\u00e1s crueles y la mayor\u00eda de muertes. Los enfrentamientos dejaron como triste saldo la muerte de 18 manifestantes y m\u00e1s de un centenar de heridos, producto de disparos de armas de fuego hechos por la polic\u00eda; aquel d\u00eda m\u00e1s tarde, tambi\u00e9n perdi\u00f3 la vida un miembro de la polic\u00eda nacional del Per\u00fa. Claramente las fuerzas del orden no supieron controlar la situaci\u00f3n y esta se les fue de las manos. Los hechos suscitados aquel d\u00eda a\u00fan traen repercusi\u00f3n y este cap\u00edtulo de la historia juliaque\u00f1a a\u00fan no se cierra.<\/p><p><img loading=\"lazy\" decoding=\"async\" class=\"aligncenter size-full wp-image-646\" src=\"https:\/\/munisanroman.gob.pe\/web\/wp-content\/uploads\/2024\/01\/9-enero.jpg\" alt=\"\" width=\"620\" height=\"413\" srcset=\"https:\/\/munisanroman.gob.pe\/web\/wp-content\/uploads\/2024\/01\/9-enero.jpg 620w, https:\/\/munisanroman.gob.pe\/web\/wp-content\/uploads\/2024\/01\/9-enero-300x200.jpg 300w\" sizes=\"(max-width: 620px) 100vw, 620px\" \/><\/p><\/div>\n\t\t\t\t<\/div>\n\t\t\t\t\t\t\t\t<\/div>\n\t\t\t\t\t\t<\/div>\n\t\t\t\t<\/div>\n\t\t\t\t\t<\/div>\n\t\t<\/div>\n\t\t\t\t\t<\/div>\n\t\t<\/section>\n\t\t\t\t<\/div>\n\t\t","protected":false},"excerpt":{"rendered":"<p>JULIACA Y SUS ORIGENES Aunque hay vestigios de peque\u00f1as poblaciones desarrolladas y ya estables habitando estos lugares desde el a\u00f1o 1000 a. C., es muy poco lo que se sabe a cerca de ellas; sin embargo, la primera poblaci\u00f3n importante se desarroll\u00f3 por los a\u00f1os 200 y 500, denominada Huaynaroque, bajo la influencia en primer lugar de los Tiahuanaco, seguido de los Collas y por \u00faltimo, los Incas. Al parecer,[&hellip;]<\/p>\n","protected":false},"author":2,"featured_media":0,"parent":0,"menu_order":0,"comment_status":"closed","ping_status":"closed","template":"","meta":{"_acf_changed":false,"footnotes":""},"class_list":["post-180","page","type-page","status-publish","hentry"],"acf":[],"_links":{"self":[{"href":"https:\/\/munisanroman.gob.pe\/web\/wp-json\/wp\/v2\/pages\/180","targetHints":{"allow":["GET"]}}],"collection":[{"href":"https:\/\/munisanroman.gob.pe\/web\/wp-json\/wp\/v2\/pages"}],"about":[{"href":"https:\/\/munisanroman.gob.pe\/web\/wp-json\/wp\/v2\/types\/page"}],"author":[{"embeddable":true,"href":"https:\/\/munisanroman.gob.pe\/web\/wp-json\/wp\/v2\/users\/2"}],"replies":[{"embeddable":true,"href":"https:\/\/munisanroman.gob.pe\/web\/wp-json\/wp\/v2\/comments?post=180"}],"version-history":[{"count":49,"href":"https:\/\/munisanroman.gob.pe\/web\/wp-json\/wp\/v2\/pages\/180\/revisions"}],"predecessor-version":[{"id":649,"href":"https:\/\/munisanroman.gob.pe\/web\/wp-json\/wp\/v2\/pages\/180\/revisions\/649"}],"wp:attachment":[{"href":"https:\/\/munisanroman.gob.pe\/web\/wp-json\/wp\/v2\/media?parent=180"}],"curies":[{"name":"wp","href":"https:\/\/api.w.org\/{rel}","templated":true}]}}