{"id":2017,"date":"2025-09-22T09:47:29","date_gmt":"2025-09-22T14:47:29","guid":{"rendered":"https:\/\/munisanroman.gob.pe\/web\/?page_id=2017"},"modified":"2025-09-22T13:28:03","modified_gmt":"2025-09-22T18:28:03","slug":"la-integracion-asia-pacifico-creacion-del-puerto-seco-san-roman","status":"publish","type":"page","link":"https:\/\/munisanroman.gob.pe\/web\/la-integracion-asia-pacifico-creacion-del-puerto-seco-san-roman\/","title":{"rendered":"La Integraci\u00f3n Asia Pac\u00edfico, Creaci\u00f3n del Puerto Seco &#8211; San Roman"},"content":{"rendered":"\t\t<div data-elementor-type=\"wp-page\" data-elementor-id=\"2017\" class=\"elementor elementor-2017\">\n\t\t\t\t\t\t<section class=\"elementor-section elementor-top-section elementor-element elementor-element-1e46b4b dsvy-col-stretched-none dsvy-bg-color-over-image elementor-section-boxed elementor-section-height-default elementor-section-height-default\" data-id=\"1e46b4b\" data-element_type=\"section\" data-e-type=\"section\">\n\t\t\t\t\t\t<div class=\"elementor-container elementor-column-gap-default\">\n\t\t\t\t\t<div class=\"elementor-column elementor-col-100 elementor-top-column elementor-element elementor-element-eb421fd dsvy-bg-color-over-image\" data-id=\"eb421fd\" data-element_type=\"column\" data-e-type=\"column\">\n\t\t\t<div class=\"elementor-widget-wrap elementor-element-populated\">\n\t\t\t\t\t\t<div class=\"elementor-element elementor-element-f11cc9e elementor-widget__width-initial elementor-invisible elementor-widget elementor-widget-image\" data-id=\"f11cc9e\" data-element_type=\"widget\" data-e-type=\"widget\" data-settings=\"{&quot;_animation&quot;:&quot;slideInLeft&quot;}\" data-widget_type=\"image.default\">\n\t\t\t\t<div class=\"elementor-widget-container\">\n\t\t\t\t\t\t\t\t\t\t\t\t\t\t\t<img fetchpriority=\"high\" decoding=\"async\" width=\"2048\" height=\"787\" src=\"https:\/\/munisanroman.gob.pe\/web\/wp-content\/uploads\/2025\/09\/Integracion-Asia-Pacifico-SRJ.png\" class=\"attachment-2048x2048 size-2048x2048 wp-image-2041\" alt=\"\" srcset=\"https:\/\/munisanroman.gob.pe\/web\/wp-content\/uploads\/2025\/09\/Integracion-Asia-Pacifico-SRJ.png 2048w, https:\/\/munisanroman.gob.pe\/web\/wp-content\/uploads\/2025\/09\/Integracion-Asia-Pacifico-SRJ-300x115.png 300w, https:\/\/munisanroman.gob.pe\/web\/wp-content\/uploads\/2025\/09\/Integracion-Asia-Pacifico-SRJ-1024x394.png 1024w, https:\/\/munisanroman.gob.pe\/web\/wp-content\/uploads\/2025\/09\/Integracion-Asia-Pacifico-SRJ-768x295.png 768w, https:\/\/munisanroman.gob.pe\/web\/wp-content\/uploads\/2025\/09\/Integracion-Asia-Pacifico-SRJ-1536x590.png 1536w, https:\/\/munisanroman.gob.pe\/web\/wp-content\/uploads\/2025\/09\/Integracion-Asia-Pacifico-SRJ-770x296.png 770w\" sizes=\"(max-width: 2048px) 100vw, 2048px\" \/>\t\t\t\t\t\t\t\t\t\t\t\t\t\t\t<\/div>\n\t\t\t\t<\/div>\n\t\t\t\t\t<\/div>\n\t\t<\/div>\n\t\t\t\t\t<\/div>\n\t\t<\/section>\n\t\t\t\t<section class=\"elementor-section elementor-top-section elementor-element elementor-element-4748233 dsvy-col-stretched-none dsvy-bg-color-over-image elementor-section-boxed elementor-section-height-default elementor-section-height-default elementor-invisible\" data-id=\"4748233\" data-element_type=\"section\" data-e-type=\"section\" data-settings=\"{&quot;animation&quot;:&quot;slideInRight&quot;}\">\n\t\t\t\t\t\t<div class=\"elementor-container elementor-column-gap-default\">\n\t\t\t\t\t<div class=\"elementor-column elementor-col-100 elementor-top-column elementor-element elementor-element-4ca6031 dsvy-bg-color-over-image\" data-id=\"4ca6031\" data-element_type=\"column\" data-e-type=\"column\">\n\t\t\t<div class=\"elementor-widget-wrap elementor-element-populated\">\n\t\t\t\t\t\t<div class=\"elementor-element elementor-element-7e3405a elementor-widget elementor-widget-heading\" data-id=\"7e3405a\" data-element_type=\"widget\" data-e-type=\"widget\" data-widget_type=\"heading.default\">\n\t\t\t\t<div class=\"elementor-widget-container\">\n\t\t\t\t\t<h2 class=\"elementor-heading-title elementor-size-default\"><p align=\"justify\">AUTORIDADES FIRMAN ACTA DE COMPROMISO CON EL DESARROLLO DEL CORREDOR LOG\u00cdSTICO SUR  Y LA CREACI\u00d3N DEL PUERTO SECO SAN ROM\u00c1N<\/p><\/h2>\t\t\t\t<\/div>\n\t\t\t\t<\/div>\n\t\t\t\t\t<\/div>\n\t\t<\/div>\n\t\t\t\t\t<\/div>\n\t\t<\/section>\n\t\t\t\t<section class=\"elementor-section elementor-top-section elementor-element elementor-element-86dafa1 dsvy-col-stretched-none dsvy-bg-color-over-image elementor-section-boxed elementor-section-height-default elementor-section-height-default elementor-invisible\" data-id=\"86dafa1\" data-element_type=\"section\" data-e-type=\"section\" data-settings=\"{&quot;animation&quot;:&quot;slideInRight&quot;}\">\n\t\t\t\t\t\t<div class=\"elementor-container elementor-column-gap-default\">\n\t\t\t\t\t<div class=\"elementor-column elementor-col-100 elementor-top-column elementor-element elementor-element-8b2400e dsvy-bg-color-over-image\" data-id=\"8b2400e\" data-element_type=\"column\" data-e-type=\"column\">\n\t\t\t<div class=\"elementor-widget-wrap elementor-element-populated\">\n\t\t\t\t\t\t<div class=\"elementor-element elementor-element-d7d8add elementor-widget elementor-widget-text-editor\" data-id=\"d7d8add\" data-element_type=\"widget\" data-e-type=\"widget\" data-widget_type=\"text-editor.default\">\n\t\t\t\t<div class=\"elementor-widget-container\">\n\t\t\t\t\t\t\t\t\t<p style=\"text-align: justify;\">En el marco del Foro \u201cRetos y beneficios del megapuerto de Chancay, la Integraci\u00f3n Asia\u2013Pac\u00edfico y el Centro Log\u00edstico San Rom\u00e1n \u2013 Juliaca\u201d, autoridades de los sectores p\u00fablico, privado y acad\u00e9mico se reunieron en la ciudad de Juliaca para suscribir una declaraci\u00f3n conjunta que consolida su compromiso con el impulso del Corredor Log\u00edstico Sur: Matarani \u2013 I\u00f1apari y la implementaci\u00f3n del Puerto Seco San Rom\u00e1n.<\/p>\n<p style=\"text-align: justify;\">Durante el encuentro, se reafirm\u00f3 el respaldo a las medidas propuestas en el foro y se exigi\u00f3 al Congreso de la Rep\u00fablica la pronta aprobaci\u00f3n de una ley que declare de inter\u00e9s nacional el desarrollo de dicho corredor e infraestructura estrat\u00e9gica, vitales para fortalecer la integraci\u00f3n comercial con Asia\u2013Pac\u00edfico.<\/p>\n\nEntre los acuerdos alcanzados, se estableci\u00f3 una agenda prioritaria que contempla:\n<ul>\n \t<li>La planificaci\u00f3n urbana de Juliaca en funci\u00f3n del desarrollo log\u00edstico regional.<\/li>\n \t<li>La modernizaci\u00f3n de la red vial y nodos log\u00edsticos que conectan Juliaca con las principales ciudades del sur del pa\u00eds.<\/li>\n \t<li>La elaboraci\u00f3n de una Hoja de Ruta liderada por la Municipalidad Provincial de San Rom\u00e1n, para consolidar a Juliaca como un centro log\u00edstico clave en la integraci\u00f3n nacional e internacional.<\/li>\n<\/ul><\/p>\n<p style=\"text-align: justify;\">Las autoridades firmantes reiteraron su compromiso de trabajar de forma coordinada, sostenible y multisectorial para consolidar a Juliaca como un nodo estrat\u00e9gico de competitividad log\u00edstica en el sur del Per\u00fa, en el marco del Plan Nacional de Servicios e Infraestructura Log\u00edstica de Transporte \u2013 PNSILT 2032.<\/p>\t\t\t\t\t\t\t\t<\/div>\n\t\t\t\t<\/div>\n\t\t\t\t\t<\/div>\n\t\t<\/div>\n\t\t\t\t\t<\/div>\n\t\t<\/section>\n\t\t\t\t<section class=\"elementor-section elementor-top-section elementor-element elementor-element-467d9fd dsvy-col-stretched-none dsvy-bg-color-over-image elementor-section-boxed elementor-section-height-default elementor-section-height-default\" data-id=\"467d9fd\" data-element_type=\"section\" data-e-type=\"section\">\n\t\t\t\t\t\t<div class=\"elementor-container elementor-column-gap-default\">\n\t\t\t\t\t<div class=\"elementor-column elementor-col-50 elementor-top-column elementor-element elementor-element-ac4ab1f dsvy-bg-color-over-image\" data-id=\"ac4ab1f\" data-element_type=\"column\" data-e-type=\"column\">\n\t\t\t<div class=\"elementor-widget-wrap elementor-element-populated\">\n\t\t\t\t\t\t<div class=\"elementor-element elementor-element-a433cfb elementor-invisible elementor-widget elementor-widget-image\" data-id=\"a433cfb\" data-element_type=\"widget\" data-e-type=\"widget\" data-settings=\"{&quot;_animation&quot;:&quot;slideInDown&quot;}\" data-widget_type=\"image.default\">\n\t\t\t\t<div class=\"elementor-widget-container\">\n\t\t\t\t\t\t\t\t\t\t\t\t\t\t\t<img decoding=\"async\" width=\"683\" height=\"1024\" src=\"https:\/\/munisanroman.gob.pe\/web\/wp-content\/uploads\/2025\/09\/Declaracion-y-compromiso-683x1024.jpg\" class=\"attachment-large size-large wp-image-2064\" alt=\"\" srcset=\"https:\/\/munisanroman.gob.pe\/web\/wp-content\/uploads\/2025\/09\/Declaracion-y-compromiso-683x1024.jpg 683w, https:\/\/munisanroman.gob.pe\/web\/wp-content\/uploads\/2025\/09\/Declaracion-y-compromiso-200x300.jpg 200w, https:\/\/munisanroman.gob.pe\/web\/wp-content\/uploads\/2025\/09\/Declaracion-y-compromiso-768x1152.jpg 768w, https:\/\/munisanroman.gob.pe\/web\/wp-content\/uploads\/2025\/09\/Declaracion-y-compromiso-770x1155.jpg 770w, https:\/\/munisanroman.gob.pe\/web\/wp-content\/uploads\/2025\/09\/Declaracion-y-compromiso.jpg 926w\" sizes=\"(max-width: 683px) 100vw, 683px\" \/>\t\t\t\t\t\t\t\t\t\t\t\t\t\t\t<\/div>\n\t\t\t\t<\/div>\n\t\t\t\t\t<\/div>\n\t\t<\/div>\n\t\t\t\t<div class=\"elementor-column elementor-col-50 elementor-top-column elementor-element elementor-element-e1b44b7 dsvy-bg-color-over-image\" data-id=\"e1b44b7\" data-element_type=\"column\" data-e-type=\"column\">\n\t\t\t<div class=\"elementor-widget-wrap elementor-element-populated\">\n\t\t\t\t\t\t<div class=\"elementor-element elementor-element-03ffe37 elementor-invisible elementor-widget elementor-widget-image\" data-id=\"03ffe37\" data-element_type=\"widget\" data-e-type=\"widget\" data-settings=\"{&quot;_animation&quot;:&quot;slideInDown&quot;}\" data-widget_type=\"image.default\">\n\t\t\t\t<div class=\"elementor-widget-container\">\n\t\t\t\t\t\t\t\t\t\t\t\t\t\t\t<img decoding=\"async\" width=\"682\" height=\"1024\" src=\"https:\/\/munisanroman.gob.pe\/web\/wp-content\/uploads\/2025\/09\/Declaracion-y-compromiso2-682x1024.jpg\" class=\"attachment-large size-large wp-image-2065\" alt=\"\" srcset=\"https:\/\/munisanroman.gob.pe\/web\/wp-content\/uploads\/2025\/09\/Declaracion-y-compromiso2-682x1024.jpg 682w, https:\/\/munisanroman.gob.pe\/web\/wp-content\/uploads\/2025\/09\/Declaracion-y-compromiso2-200x300.jpg 200w, https:\/\/munisanroman.gob.pe\/web\/wp-content\/uploads\/2025\/09\/Declaracion-y-compromiso2-768x1152.jpg 768w, https:\/\/munisanroman.gob.pe\/web\/wp-content\/uploads\/2025\/09\/Declaracion-y-compromiso2-770x1155.jpg 770w, https:\/\/munisanroman.gob.pe\/web\/wp-content\/uploads\/2025\/09\/Declaracion-y-compromiso2.jpg 889w\" sizes=\"(max-width: 682px) 100vw, 682px\" \/>\t\t\t\t\t\t\t\t\t\t\t\t\t\t\t<\/div>\n\t\t\t\t<\/div>\n\t\t\t\t\t<\/div>\n\t\t<\/div>\n\t\t\t\t\t<\/div>\n\t\t<\/section>\n\t\t\t\t<section class=\"elementor-section elementor-top-section elementor-element elementor-element-daa3125 dsvy-col-stretched-none dsvy-bg-color-over-image elementor-section-boxed elementor-section-height-default elementor-section-height-default\" data-id=\"daa3125\" data-element_type=\"section\" data-e-type=\"section\">\n\t\t\t\t\t\t<div class=\"elementor-container elementor-column-gap-default\">\n\t\t\t\t\t<div class=\"elementor-column elementor-col-100 elementor-top-column elementor-element elementor-element-2e02c12 dsvy-bg-color-over-image\" data-id=\"2e02c12\" data-element_type=\"column\" data-e-type=\"column\">\n\t\t\t<div class=\"elementor-widget-wrap elementor-element-populated\">\n\t\t\t\t\t\t<div class=\"elementor-element elementor-element-ab96284 elementor-widget elementor-widget-image\" data-id=\"ab96284\" data-element_type=\"widget\" data-e-type=\"widget\" data-widget_type=\"image.default\">\n\t\t\t\t<div class=\"elementor-widget-container\">\n\t\t\t\t\t\t\t\t\t\t\t\t\t\t\t\t<a href=\"https:\/\/www.facebook.com\/share\/v\/1YDSmgVrNy\/\" target=\"_blank\">\n\t\t\t\t\t\t\t<img loading=\"lazy\" decoding=\"async\" width=\"847\" height=\"474\" src=\"https:\/\/munisanroman.gob.pe\/web\/wp-content\/uploads\/2025\/09\/Foro-Puerto-Seco-1024x573.png\" class=\"elementor-animation-buzz attachment-large size-large wp-image-2073\" alt=\"\" srcset=\"https:\/\/munisanroman.gob.pe\/web\/wp-content\/uploads\/2025\/09\/Foro-Puerto-Seco-1024x573.png 1024w, https:\/\/munisanroman.gob.pe\/web\/wp-content\/uploads\/2025\/09\/Foro-Puerto-Seco-300x168.png 300w, https:\/\/munisanroman.gob.pe\/web\/wp-content\/uploads\/2025\/09\/Foro-Puerto-Seco-768x430.png 768w, https:\/\/munisanroman.gob.pe\/web\/wp-content\/uploads\/2025\/09\/Foro-Puerto-Seco-770x431.png 770w, https:\/\/munisanroman.gob.pe\/web\/wp-content\/uploads\/2025\/09\/Foro-Puerto-Seco.png 1176w\" sizes=\"(max-width: 847px) 100vw, 847px\" \/>\t\t\t\t\t\t\t\t<\/a>\n\t\t\t\t\t\t\t\t\t\t\t\t\t\t\t<\/div>\n\t\t\t\t<\/div>\n\t\t\t\t\t<\/div>\n\t\t<\/div>\n\t\t\t\t\t<\/div>\n\t\t<\/section>\n\t\t\t\t<section class=\"elementor-section elementor-top-section elementor-element elementor-element-552b409 dsvy-col-stretched-none dsvy-bg-color-over-image elementor-section-boxed elementor-section-height-default elementor-section-height-default\" data-id=\"552b409\" data-element_type=\"section\" data-e-type=\"section\">\n\t\t\t\t\t\t<div class=\"elementor-container elementor-column-gap-default\">\n\t\t\t\t\t<div class=\"elementor-column elementor-col-100 elementor-top-column elementor-element elementor-element-0d8bd65 dsvy-bg-color-over-image\" data-id=\"0d8bd65\" data-element_type=\"column\" data-e-type=\"column\">\n\t\t\t<div class=\"elementor-widget-wrap elementor-element-populated\">\n\t\t\t\t\t\t<div class=\"elementor-element elementor-element-b4a2205 elementor-widget__width-inherit elementor-widget elementor-widget-video\" data-id=\"b4a2205\" data-element_type=\"widget\" data-e-type=\"widget\" data-settings=\"{&quot;youtube_url&quot;:&quot;https:\\\/\\\/youtu.be\\\/5AxqhxHzmug&quot;,&quot;video_type&quot;:&quot;youtube&quot;,&quot;controls&quot;:&quot;yes&quot;}\" data-widget_type=\"video.default\">\n\t\t\t\t<div class=\"elementor-widget-container\">\n\t\t\t\t\t\t\t<div class=\"elementor-wrapper elementor-open-inline\">\n\t\t\t<div class=\"elementor-video\"><\/div>\t\t<\/div>\n\t\t\t\t\t\t<\/div>\n\t\t\t\t<\/div>\n\t\t\t\t\t<\/div>\n\t\t<\/div>\n\t\t\t\t\t<\/div>\n\t\t<\/section>\n\t\t\t\t<\/div>\n\t\t","protected":false},"excerpt":{"rendered":"<p>AUTORIDADES FIRMAN ACTA DE COMPROMISO CON EL DESARROLLO DEL CORREDOR LOG\u00cdSTICO SUR Y LA CREACI\u00d3N DEL PUERTO SECO SAN ROM\u00c1N En el marco del Foro \u201cRetos y beneficios del megapuerto de Chancay, la Integraci\u00f3n Asia\u2013Pac\u00edfico y el Centro Log\u00edstico San Rom\u00e1n \u2013 Juliaca\u201d, autoridades de los sectores p\u00fablico, privado y acad\u00e9mico se reunieron en la ciudad de Juliaca para suscribir una declaraci\u00f3n conjunta que consolida su compromiso con el impulso[&hellip;]<\/p>\n","protected":false},"author":2,"featured_media":0,"parent":0,"menu_order":0,"comment_status":"closed","ping_status":"closed","template":"elementor_header_footer","meta":{"_acf_changed":false,"footnotes":""},"class_list":["post-2017","page","type-page","status-publish","hentry"],"acf":[],"_links":{"self":[{"href":"https:\/\/munisanroman.gob.pe\/web\/wp-json\/wp\/v2\/pages\/2017","targetHints":{"allow":["GET"]}}],"collection":[{"href":"https:\/\/munisanroman.gob.pe\/web\/wp-json\/wp\/v2\/pages"}],"about":[{"href":"https:\/\/munisanroman.gob.pe\/web\/wp-json\/wp\/v2\/types\/page"}],"author":[{"embeddable":true,"href":"https:\/\/munisanroman.gob.pe\/web\/wp-json\/wp\/v2\/users\/2"}],"replies":[{"embeddable":true,"href":"https:\/\/munisanroman.gob.pe\/web\/wp-json\/wp\/v2\/comments?post=2017"}],"version-history":[{"count":47,"href":"https:\/\/munisanroman.gob.pe\/web\/wp-json\/wp\/v2\/pages\/2017\/revisions"}],"predecessor-version":[{"id":2076,"href":"https:\/\/munisanroman.gob.pe\/web\/wp-json\/wp\/v2\/pages\/2017\/revisions\/2076"}],"wp:attachment":[{"href":"https:\/\/munisanroman.gob.pe\/web\/wp-json\/wp\/v2\/media?parent=2017"}],"curies":[{"name":"wp","href":"https:\/\/api.w.org\/{rel}","templated":true}]}}