{"id":208,"date":"2024-01-11T08:21:02","date_gmt":"2024-01-11T13:21:02","guid":{"rendered":"https:\/\/munisanroman.gob.pe\/web\/?page_id=208"},"modified":"2025-06-30T12:02:42","modified_gmt":"2025-06-30T17:02:42","slug":"geografia-y-clima","status":"publish","type":"page","link":"https:\/\/munisanroman.gob.pe\/web\/geografia-y-clima\/","title":{"rendered":"Geograf\u00eda y Clima"},"content":{"rendered":"\t\t<div data-elementor-type=\"wp-page\" data-elementor-id=\"208\" class=\"elementor elementor-208\">\n\t\t\t\t\t\t<section class=\"elementor-section elementor-top-section elementor-element elementor-element-d28f1cd dsvy-col-stretched-none dsvy-bg-color-over-image elementor-section-boxed elementor-section-height-default elementor-section-height-default\" data-id=\"d28f1cd\" data-element_type=\"section\" data-e-type=\"section\">\n\t\t\t\t\t\t<div class=\"elementor-container elementor-column-gap-default\">\n\t\t\t\t\t<div class=\"elementor-column elementor-col-100 elementor-top-column elementor-element elementor-element-28acb60 dsvy-bg-color-over-image\" data-id=\"28acb60\" data-element_type=\"column\" data-e-type=\"column\">\n\t\t\t<div class=\"elementor-widget-wrap elementor-element-populated\">\n\t\t\t\t\t\t<div class=\"elementor-element elementor-element-c2fb2de elementor-invisible elementor-widget elementor-widget-heading\" data-id=\"c2fb2de\" data-element_type=\"widget\" data-e-type=\"widget\" data-settings=\"{&quot;_animation&quot;:&quot;slideInLeft&quot;}\" data-widget_type=\"heading.default\">\n\t\t\t\t<div class=\"elementor-widget-container\">\n\t\t\t\t\t<h2 class=\"elementor-heading-title elementor-size-default\">Geograf\u00eda<\/h2>\t\t\t\t<\/div>\n\t\t\t\t<\/div>\n\t\t\t\t\t<\/div>\n\t\t<\/div>\n\t\t\t\t\t<\/div>\n\t\t<\/section>\n\t\t\t\t<section class=\"elementor-section elementor-top-section elementor-element elementor-element-a6f2225 dsvy-col-stretched-none dsvy-bg-color-over-image elementor-section-boxed elementor-section-height-default elementor-section-height-default\" data-id=\"a6f2225\" data-element_type=\"section\" data-e-type=\"section\">\n\t\t\t\t\t\t<div class=\"elementor-container elementor-column-gap-default\">\n\t\t\t\t\t<div class=\"elementor-column elementor-col-66 elementor-top-column elementor-element elementor-element-d38ef31 dsvy-bg-color-over-image\" data-id=\"d38ef31\" data-element_type=\"column\" data-e-type=\"column\">\n\t\t\t<div class=\"elementor-widget-wrap elementor-element-populated\">\n\t\t\t\t\t\t<div class=\"elementor-element elementor-element-8b546b6 elementor-invisible elementor-widget elementor-widget-text-editor\" data-id=\"8b546b6\" data-element_type=\"widget\" data-e-type=\"widget\" data-settings=\"{&quot;_animation&quot;:&quot;slideInDown&quot;}\" data-widget_type=\"text-editor.default\">\n\t\t\t\t<div class=\"elementor-widget-container\">\n\t\t\t\t\t\t\t\t\t<p align=\"justify\">Esta provincia tiene una extensi\u00f3n de 2277,63 km\u00b2 y se encuentra en el lado noroeste del lago Titicaca y ocupa el 3,2 % de la superficie territorial del departamento de Puno o regi\u00f3n Puno.<\/p><p align=\"justify\">En 2007 ten\u00eda una poblaci\u00f3n de 240 776 habitantes, la mayor\u00eda de los cuales reside en su ciudad capital Juliaca (225 146 habitantes). Adem\u00e1s, la provincia concentra alrededor del 30 % de la poblaci\u00f3n urbana y el 41 % del comercio en el departamento de Puno.<\/p><p align=\"justify\">La provincia de San Rom\u00e1n es la que m\u00e1s creci\u00f3 en poblaci\u00f3n en los \u00faltimos diez a\u00f1os, seg\u00fan los resultados del censo 2017. La ciudad calcetera en 2007 ten\u00eda 240 776 habitantes. Esta cifra creci\u00f3 exponencialmente en 307 417 al 2017. Demogr\u00e1ficamente creci\u00f3 28 %.<\/p>\t\t\t\t\t\t\t\t<\/div>\n\t\t\t\t<\/div>\n\t\t\t\t\t<\/div>\n\t\t<\/div>\n\t\t\t\t<div class=\"elementor-column elementor-col-33 elementor-top-column elementor-element elementor-element-46113dd dsvy-bg-color-over-image\" data-id=\"46113dd\" data-element_type=\"column\" data-e-type=\"column\">\n\t\t\t<div class=\"elementor-widget-wrap\">\n\t\t\t\t\t\t\t<\/div>\n\t\t<\/div>\n\t\t\t\t\t<\/div>\n\t\t<\/section>\n\t\t\t\t<section class=\"elementor-section elementor-top-section elementor-element elementor-element-60ab98a dsvy-col-stretched-none dsvy-bg-color-over-image elementor-section-boxed elementor-section-height-default elementor-section-height-default\" data-id=\"60ab98a\" data-element_type=\"section\" data-e-type=\"section\">\n\t\t\t\t\t\t<div class=\"elementor-container elementor-column-gap-default\">\n\t\t\t\t\t<div class=\"elementor-column elementor-col-100 elementor-top-column elementor-element elementor-element-fb1b60d dsvy-bg-color-over-image\" data-id=\"fb1b60d\" data-element_type=\"column\" data-e-type=\"column\">\n\t\t\t<div class=\"elementor-widget-wrap elementor-element-populated\">\n\t\t\t\t\t\t<div class=\"elementor-element elementor-element-9fc527b elementor-invisible elementor-widget elementor-widget-heading\" data-id=\"9fc527b\" data-element_type=\"widget\" data-e-type=\"widget\" data-settings=\"{&quot;_animation&quot;:&quot;slideInLeft&quot;}\" data-widget_type=\"heading.default\">\n\t\t\t\t<div class=\"elementor-widget-container\">\n\t\t\t\t\t<h2 class=\"elementor-heading-title elementor-size-default\">Clima<\/h2>\t\t\t\t<\/div>\n\t\t\t\t<\/div>\n\t\t\t\t\t<\/div>\n\t\t<\/div>\n\t\t\t\t\t<\/div>\n\t\t<\/section>\n\t\t\t\t<section class=\"elementor-section elementor-top-section elementor-element elementor-element-a5e5eb7 dsvy-col-stretched-none dsvy-bg-color-over-image elementor-section-boxed elementor-section-height-default elementor-section-height-default\" data-id=\"a5e5eb7\" data-element_type=\"section\" data-e-type=\"section\">\n\t\t\t\t\t\t<div class=\"elementor-container elementor-column-gap-default\">\n\t\t\t\t\t<div class=\"elementor-column elementor-col-33 elementor-top-column elementor-element elementor-element-7e19a7c dsvy-bg-color-over-image\" data-id=\"7e19a7c\" data-element_type=\"column\" data-e-type=\"column\">\n\t\t\t<div class=\"elementor-widget-wrap\">\n\t\t\t\t\t\t\t<\/div>\n\t\t<\/div>\n\t\t\t\t<div class=\"elementor-column elementor-col-66 elementor-top-column elementor-element elementor-element-c0f9fbd dsvy-bg-color-over-image\" data-id=\"c0f9fbd\" data-element_type=\"column\" data-e-type=\"column\">\n\t\t\t<div class=\"elementor-widget-wrap elementor-element-populated\">\n\t\t\t\t\t\t<div class=\"elementor-element elementor-element-b21e767 elementor-invisible elementor-widget elementor-widget-text-editor\" data-id=\"b21e767\" data-element_type=\"widget\" data-e-type=\"widget\" data-settings=\"{&quot;_animation&quot;:&quot;slideInRight&quot;}\" data-widget_type=\"text-editor.default\">\n\t\t\t\t<div class=\"elementor-widget-container\">\n\t\t\t\t\t\t\t\t\t<p align=\"justify\">El clima de la provincia de San Rom\u00e1n es cambiante y tiene las siguientes caracter\u00edsticas generales:<\/p><ul><li>Es fr\u00edgido, ventoso y con escasa humedad.<\/li><li>Predomina el contraste t\u00e9rmico. Hay per\u00edodos en que el fr\u00edo y el calor devienen en insoportables.<\/li><li>En \u00e9pocas de lluvias, generalmente entre enero y marzo, suelen hacerse presente granizadas, *nevadas, truenos, rel\u00e1mpagos y rayos.<\/li><li>Los vientos de diversa forma e intensidad son frecuentes.<\/li><\/ul>\t\t\t\t\t\t\t\t<\/div>\n\t\t\t\t<\/div>\n\t\t\t\t\t<\/div>\n\t\t<\/div>\n\t\t\t\t\t<\/div>\n\t\t<\/section>\n\t\t\t\t<\/div>\n\t\t","protected":false},"excerpt":{"rendered":"<p>Geograf\u00eda Esta provincia tiene una extensi\u00f3n de 2277,63 km\u00b2 y se encuentra en el lado noroeste del lago Titicaca y ocupa el 3,2 % de la superficie territorial del departamento de Puno o regi\u00f3n Puno. En 2007 ten\u00eda una poblaci\u00f3n de 240 776 habitantes, la mayor\u00eda de los cuales reside en su ciudad capital Juliaca (225 146 habitantes). Adem\u00e1s, la provincia concentra alrededor del 30 % de la poblaci\u00f3n urbana[&hellip;]<\/p>\n","protected":false},"author":2,"featured_media":0,"parent":0,"menu_order":0,"comment_status":"closed","ping_status":"closed","template":"","meta":{"_acf_changed":false,"footnotes":""},"class_list":["post-208","page","type-page","status-publish","hentry"],"acf":[],"_links":{"self":[{"href":"https:\/\/munisanroman.gob.pe\/web\/wp-json\/wp\/v2\/pages\/208","targetHints":{"allow":["GET"]}}],"collection":[{"href":"https:\/\/munisanroman.gob.pe\/web\/wp-json\/wp\/v2\/pages"}],"about":[{"href":"https:\/\/munisanroman.gob.pe\/web\/wp-json\/wp\/v2\/types\/page"}],"author":[{"embeddable":true,"href":"https:\/\/munisanroman.gob.pe\/web\/wp-json\/wp\/v2\/users\/2"}],"replies":[{"embeddable":true,"href":"https:\/\/munisanroman.gob.pe\/web\/wp-json\/wp\/v2\/comments?post=208"}],"version-history":[{"count":20,"href":"https:\/\/munisanroman.gob.pe\/web\/wp-json\/wp\/v2\/pages\/208\/revisions"}],"predecessor-version":[{"id":1255,"href":"https:\/\/munisanroman.gob.pe\/web\/wp-json\/wp\/v2\/pages\/208\/revisions\/1255"}],"wp:attachment":[{"href":"https:\/\/munisanroman.gob.pe\/web\/wp-json\/wp\/v2\/media?parent=208"}],"curies":[{"name":"wp","href":"https:\/\/api.w.org\/{rel}","templated":true}]}}