{"id":210,"date":"2024-01-11T08:31:40","date_gmt":"2024-01-11T13:31:40","guid":{"rendered":"https:\/\/munisanroman.gob.pe\/web\/?page_id=210"},"modified":"2025-07-01T15:24:19","modified_gmt":"2025-07-01T20:24:19","slug":"himno","status":"publish","type":"page","link":"https:\/\/munisanroman.gob.pe\/web\/himno\/","title":{"rendered":"Himno"},"content":{"rendered":"<h4>HIMNO A JULIACA<\/h4>\n<blockquote>\n<p align=\"justify\">El Himno a Juliaca es una composici\u00f3n escrita por Luis Rodr\u00edguez Ortiz, con m\u00fasica de Jorge Rivera del Mar. El cl\u00e9rigo Espa\u00f1ol Bartolom\u00e9 Barcel\u00f3 en 1914 inspir\u00f3 un incipiente himno que se extingui\u00f3 por falta de divulgaci\u00f3n. El actual himno se inaugur\u00f3 con el advenimiento de la provincia de San Rom\u00e1n.<\/p>\n<\/blockquote>\n<h6 style=\"text-align: center;\"><i>CORO<\/i><\/h6>\n<div style=\"text-align: center;\">Juliaca hervor de voluntad<br \/>\nalma tendida al porvenir<br \/>\nlos clarines de luz del sol<br \/>\nanuncian tu primer laurel.<br \/>\nHimno viviente de la acci\u00f3n<br \/>\nrenueva Juliaca tu fe,<\/div>\n<div style=\"text-align: center;\">renueva Juliaca tu fe,<br \/>\ny que zumbe en fiesta el panal<br \/>\nporque has ensanchado tu hogar.<\/div>\n<p>&nbsp;<\/p>\n<h6 style=\"text-align: center;\"><strong><i>ESTROFAS<\/i><\/strong><\/h6>\n<div style=\"text-align: center;\">Forjando el voto de nueva vida<br \/>\nayer ungimos nuestro ideal<br \/>\npor cuyo soplo florece el triunfo<br \/>\nde tu gallardo nido cordial.<\/div>\n<div><\/div>\n<p>&nbsp;<\/p>\n<div style=\"text-align: center;\">Un gran futuro Juliaca labra<br \/>\ny con los manes de San Rom\u00e1n<br \/>\nel vuelo tiende de sus anhelos<br \/>\nsurgiendo todos a trabajar<\/div>\n<div style=\"text-align: center;\">Ciudad andina de entra\u00f1a f\u00e9rtil<br \/>\ncopela en que arde la actividad,<br \/>\nla dicha casta tu nos prometes.<\/div>\n<p>&nbsp;<\/p>\n<div style=\"text-align: center;\">\u00a1Oh! Pueblo fuerte y de coraz\u00f3n<\/div>\n<div style=\"text-align: center;\">Se\u00f1al de rutas, colmena de ansias<br \/>\nJuliaca tierra de promisi\u00f3n.<\/div>\n<div style=\"text-align: center;\">A ti se entrega la senda virgen<br \/>\npor donde cruza el paso tenaz.<\/div>\n<div><\/div>\n<p>&nbsp;<\/p>\n<div style=\"text-align: center;\">Amor a ritmo de la energ\u00eda,<br \/>\npasi\u00f3n al surco germinador;<br \/>\nas\u00ed conquistan tus hijos siempre<br \/>\nel hondo goce de la emoci\u00f3n.<\/div>\n<div><\/div>\n<p>&nbsp;<\/p>\n<div style=\"text-align: center;\">Arriba ya los blasones puros<br \/>\ngrabados por el alma febril<br \/>\nel sol te ba\u00f1a en claror fecundo.<\/div>\n<div style=\"text-align: center;\">\u00a1Tu gloria clama a trabajar!.<\/div>\n","protected":false},"excerpt":{"rendered":"<p>HIMNO A JULIACA El Himno a Juliaca es una composici\u00f3n escrita por Luis Rodr\u00edguez Ortiz, con m\u00fasica de Jorge Rivera del Mar. El cl\u00e9rigo Espa\u00f1ol Bartolom\u00e9 Barcel\u00f3 en 1914 inspir\u00f3 un incipiente himno que se extingui\u00f3 por falta de divulgaci\u00f3n. El actual himno se inaugur\u00f3 con el advenimiento de la provincia de San Rom\u00e1n. CORO Juliaca hervor de voluntad alma tendida al porvenir los clarines de luz del sol anuncian[&hellip;]<\/p>\n","protected":false},"author":2,"featured_media":0,"parent":0,"menu_order":0,"comment_status":"closed","ping_status":"closed","template":"","meta":{"_acf_changed":false,"footnotes":""},"class_list":["post-210","page","type-page","status-publish","hentry"],"acf":[],"_links":{"self":[{"href":"https:\/\/munisanroman.gob.pe\/web\/wp-json\/wp\/v2\/pages\/210","targetHints":{"allow":["GET"]}}],"collection":[{"href":"https:\/\/munisanroman.gob.pe\/web\/wp-json\/wp\/v2\/pages"}],"about":[{"href":"https:\/\/munisanroman.gob.pe\/web\/wp-json\/wp\/v2\/types\/page"}],"author":[{"embeddable":true,"href":"https:\/\/munisanroman.gob.pe\/web\/wp-json\/wp\/v2\/users\/2"}],"replies":[{"embeddable":true,"href":"https:\/\/munisanroman.gob.pe\/web\/wp-json\/wp\/v2\/comments?post=210"}],"version-history":[{"count":20,"href":"https:\/\/munisanroman.gob.pe\/web\/wp-json\/wp\/v2\/pages\/210\/revisions"}],"predecessor-version":[{"id":1376,"href":"https:\/\/munisanroman.gob.pe\/web\/wp-json\/wp\/v2\/pages\/210\/revisions\/1376"}],"wp:attachment":[{"href":"https:\/\/munisanroman.gob.pe\/web\/wp-json\/wp\/v2\/media?parent=210"}],"curies":[{"name":"wp","href":"https:\/\/api.w.org\/{rel}","templated":true}]}}