{"id":840,"date":"2024-01-15T14:38:49","date_gmt":"2024-01-15T19:38:49","guid":{"rendered":"https:\/\/munisanroman.gob.pe\/web\/?page_id=840"},"modified":"2024-01-15T17:36:07","modified_gmt":"2024-01-15T22:36:07","slug":"que-hacemos","status":"publish","type":"page","link":"https:\/\/munisanroman.gob.pe\/web\/que-hacemos\/","title":{"rendered":"\u00bfQu\u00e9 hacemos?"},"content":{"rendered":"<p>Realizamos una gesti\u00f3n moderna, transparente y eficaz, dedicada a brindar servicios de calidad, promover el fortalecimiento de la institucionalidad democr\u00e1tica y facilitar la inversi\u00f3n privada.<\/p>\n<p>Buscamos mejorar la calidad de vida de la poblaci\u00f3n, en un contexto de desarrollo humano sostenible, como base de un liderazgo industrial, comercial y tecnol\u00f3gico regional.<\/p>\n","protected":false},"excerpt":{"rendered":"<p>Realizamos una gesti\u00f3n moderna, transparente y eficaz, dedicada a brindar servicios de calidad, promover el fortalecimiento de la institucionalidad democr\u00e1tica y facilitar la inversi\u00f3n privada. Buscamos mejorar la calidad de vida de la poblaci\u00f3n, en un contexto de desarrollo humano sostenible, como base de un liderazgo industrial, comercial y tecnol\u00f3gico regional.<\/p>\n","protected":false},"author":2,"featured_media":0,"parent":0,"menu_order":0,"comment_status":"closed","ping_status":"closed","template":"","meta":{"_acf_changed":false,"footnotes":""},"class_list":["post-840","page","type-page","status-publish","hentry"],"acf":[],"_links":{"self":[{"href":"https:\/\/munisanroman.gob.pe\/web\/wp-json\/wp\/v2\/pages\/840","targetHints":{"allow":["GET"]}}],"collection":[{"href":"https:\/\/munisanroman.gob.pe\/web\/wp-json\/wp\/v2\/pages"}],"about":[{"href":"https:\/\/munisanroman.gob.pe\/web\/wp-json\/wp\/v2\/types\/page"}],"author":[{"embeddable":true,"href":"https:\/\/munisanroman.gob.pe\/web\/wp-json\/wp\/v2\/users\/2"}],"replies":[{"embeddable":true,"href":"https:\/\/munisanroman.gob.pe\/web\/wp-json\/wp\/v2\/comments?post=840"}],"version-history":[{"count":3,"href":"https:\/\/munisanroman.gob.pe\/web\/wp-json\/wp\/v2\/pages\/840\/revisions"}],"predecessor-version":[{"id":987,"href":"https:\/\/munisanroman.gob.pe\/web\/wp-json\/wp\/v2\/pages\/840\/revisions\/987"}],"wp:attachment":[{"href":"https:\/\/munisanroman.gob.pe\/web\/wp-json\/wp\/v2\/media?parent=840"}],"curies":[{"name":"wp","href":"https:\/\/api.w.org\/{rel}","templated":true}]}}